{"id":1321,"date":"2025-12-04T11:52:28","date_gmt":"2025-12-04T10:52:28","guid":{"rendered":"https:\/\/www.preteq-cnc.com\/impressum-preteq\/"},"modified":"2026-03-31T09:42:53","modified_gmt":"2026-03-31T07:42:53","slug":"impressum-preteq","status":"publish","type":"page","link":"https:\/\/www.preteq-cnc.com\/en\/impressum-preteq\/","title":{"rendered":"Impressum &#8211; Preteq"},"content":{"rendered":"\t\t<div data-elementor-type=\"wp-page\" data-elementor-id=\"1321\" class=\"elementor elementor-1321 elementor-516\" data-elementor-post-type=\"page\">\n\t\t\t\t<div class=\"elementor-element elementor-element-9b78c9c pre-container e-flex e-con-boxed e-con e-parent\" data-id=\"9b78c9c\" data-element_type=\"container\" data-e-type=\"container\">\n\t\t\t\t\t<div class=\"e-con-inner\">\n\t\t\t\t<div class=\"elementor-element elementor-element-21f6436 elementor-widget elementor-widget-heading\" data-id=\"21f6436\" data-element_type=\"widget\" data-e-type=\"widget\" data-widget_type=\"heading.default\">\n\t\t\t\t\t<h2 class=\"elementor-heading-title elementor-size-default\">Legal Notice<\/h2>\t\t\t\t<\/div>\n\t\t\t\t<div class=\"elementor-element elementor-element-9e388d6 elementor-widget elementor-widget-text-editor\" data-id=\"9e388d6\" data-element_type=\"widget\" data-e-type=\"widget\" data-widget_type=\"text-editor.default\">\n\t\t\t\t\t\t\t\t\t<p><strong>Preteq CNC Solutions AG<\/strong><br \/>Adolf Furrer-Strasse 7<br \/>CH-2540 Grenchen<br \/>Switzerland<\/p><p><strong>Phone:<\/strong> +41 (0)32 654 97 11<br \/><strong>Email:<\/strong> info@preteq-cnc.com<\/p><p><strong>Website:<\/strong> www.preteq-cnc.com<\/p><h3>Authorized representatives<\/h3><p>Armin Rose<\/p><h3>Commercial register entry<\/h3><p>Registered company name: Preteq CNC Solutions AG<br \/>Commercial register office: Canton of Solothurn<br \/>Commercial register number (UID): CHE-102.176.946<\/p><h3>Sales tax \/ Value added tax<\/h3><p>CHE-102.176.946 VAT<\/p><h3>Company purpose<\/h3><p>The company&#8217;s purpose is the development, production, and distribution of precision mechanical parts, in particular CNC turning and milling components, as well as the provision of services in the areas of assembly, quality management, cleaning, finishing, and related technologies. The company may establish branches in Switzerland and abroad and acquire interests in other companies.<\/p><h3>Responsible for content<\/h3><p>Dr. Christoph Reuter<br \/>Preteq CNC Solutions AG<br \/>Adolf Furrer-Strasse 7<br \/>CH-2540 Grenchen<br \/>Switzerland<\/p><h3>Disclaimer<\/h3><p>The content of this website has been compiled with the utmost care. However, no guarantee can be given for the accuracy, completeness, or timeliness of the content. Any liability in connection with the use of this website is excluded to the extent permitted by law.<\/p><h3>Liability for links<\/h3><p>References and links to third-party websites are outside our area of responsibility. Access to and use of such websites is at the user&#8217;s own risk. No responsibility is assumed for their content.<\/p><h3>Copyright<\/h3><p>All content, images, graphics, and text on this website are protected by copyright. Their use, reproduction, or distribution requires the written consent of Preteq CNC Solutions AG or the respective rights holders.<\/p><h3>Contact for data protection inquiries<\/h3><p>No data protection officer has been appointed, as there is no legal obligation to do so.<\/p>\t\t\t\t\t\t\t\t<\/div>\n\t\t\t\t\t<\/div>\n\t\t\t\t<\/div>\n\t\t\t\t<\/div>\n\t\t","protected":false},"excerpt":{"rendered":"<p>Legal Notice Preteq CNC Solutions AGAdolf Furrer-Strasse 7CH-2540 GrenchenSwitzerland Phone: +41 (0)32 654 97 11Email: info@preteq-cnc.com Website: www.preteq-cnc.com Authorized representatives Armin Rose Commercial register entry Registered company name: Preteq CNC Solutions AGCommercial register office: Canton of SolothurnCommercial register number (UID): CHE-102.176.946 Sales tax \/ Value added tax CHE-102.176.946 VAT Company purpose The company&#8217;s purpose is [&hellip;]<\/p>\n","protected":false},"author":1,"featured_media":0,"parent":0,"menu_order":0,"comment_status":"closed","ping_status":"closed","template":"","meta":{"footnotes":""},"class_list":["post-1321","page","type-page","status-publish","hentry"],"yoast_head":"<!-- This site is optimized with the Yoast SEO plugin v27.2 - https:\/\/yoast.com\/product\/yoast-seo-wordpress\/ -->\n<title>Impressum - Preteq - Preteq-CNC<\/title>\n<meta name=\"robots\" content=\"index, follow, max-snippet:-1, max-image-preview:large, max-video-preview:-1\" \/>\n<link rel=\"canonical\" href=\"https:\/\/www.preteq-cnc.com\/impressum-preteq\/\" \/>\n<meta property=\"og:locale\" content=\"en_US\" \/>\n<meta property=\"og:type\" content=\"article\" \/>\n<meta property=\"og:title\" content=\"Impressum - Preteq - Preteq-CNC\" \/>\n<meta property=\"og:description\" content=\"Legal Notice Preteq CNC Solutions AGAdolf Furrer-Strasse 7CH-2540 GrenchenSwitzerland Phone: +41 (0)32 654 97 11Email: info@preteq-cnc.com Website: www.preteq-cnc.com Authorized representatives Armin Rose Commercial register entry Registered company name: Preteq CNC Solutions AGCommercial register office: Canton of SolothurnCommercial register number (UID): CHE-102.176.946 Sales tax \/ Value added tax CHE-102.176.946 VAT Company purpose The company&#8217;s purpose is [&hellip;]\" \/>\n<meta property=\"og:url\" content=\"https:\/\/www.preteq-cnc.com\/impressum-preteq\/\" \/>\n<meta property=\"og:site_name\" content=\"Preteq-CNC\" \/>\n<meta property=\"article:modified_time\" content=\"2026-03-31T07:42:53+00:00\" \/>\n<meta name=\"twitter:card\" content=\"summary_large_image\" \/>\n<meta name=\"twitter:label1\" content=\"Est. reading time\" \/>\n\t<meta name=\"twitter:data1\" content=\"2 minutes\" \/>\n<script type=\"application\/ld+json\" class=\"yoast-schema-graph\">{\"@context\":\"https:\/\/schema.org\",\"@graph\":[{\"@type\":\"WebPage\",\"@id\":\"https:\/\/www.preteq-cnc.com\/impressum-preteq\/\",\"url\":\"https:\/\/www.preteq-cnc.com\/impressum-preteq\/\",\"name\":\"Impressum - Preteq - Preteq-CNC\",\"isPartOf\":{\"@id\":\"https:\/\/www.preteq-cnc.com\/#website\"},\"datePublished\":\"2025-12-04T10:52:28+00:00\",\"dateModified\":\"2026-03-31T07:42:53+00:00\",\"breadcrumb\":{\"@id\":\"https:\/\/www.preteq-cnc.com\/impressum-preteq\/#breadcrumb\"},\"inLanguage\":\"en-US\",\"potentialAction\":[{\"@type\":\"ReadAction\",\"target\":[\"https:\/\/www.preteq-cnc.com\/impressum-preteq\/\"]}]},{\"@type\":\"BreadcrumbList\",\"@id\":\"https:\/\/www.preteq-cnc.com\/impressum-preteq\/#breadcrumb\",\"itemListElement\":[{\"@type\":\"ListItem\",\"position\":1,\"name\":\"Start\",\"item\":\"https:\/\/www.preteq-cnc.com\/en\/\"},{\"@type\":\"ListItem\",\"position\":2,\"name\":\"Impressum &#8211; Preteq\"}]},{\"@type\":\"WebSite\",\"@id\":\"https:\/\/www.preteq-cnc.com\/#website\",\"url\":\"https:\/\/www.preteq-cnc.com\/\",\"name\":\"Preteq-CNC\",\"description\":\"Pr\u00e4zise CNC-Fertigung f\u00fcr h\u00f6chste Anforderungen\",\"potentialAction\":[{\"@type\":\"SearchAction\",\"target\":{\"@type\":\"EntryPoint\",\"urlTemplate\":\"https:\/\/www.preteq-cnc.com\/?s={search_term_string}\"},\"query-input\":{\"@type\":\"PropertyValueSpecification\",\"valueRequired\":true,\"valueName\":\"search_term_string\"}}],\"inLanguage\":\"en-US\"}]}<\/script>\n<!-- \/ Yoast SEO plugin. -->","yoast_head_json":{"title":"Impressum - Preteq - Preteq-CNC","robots":{"index":"index","follow":"follow","max-snippet":"max-snippet:-1","max-image-preview":"max-image-preview:large","max-video-preview":"max-video-preview:-1"},"canonical":"https:\/\/www.preteq-cnc.com\/impressum-preteq\/","og_locale":"en_US","og_type":"article","og_title":"Impressum - Preteq - Preteq-CNC","og_description":"Legal Notice Preteq CNC Solutions AGAdolf Furrer-Strasse 7CH-2540 GrenchenSwitzerland Phone: +41 (0)32 654 97 11Email: info@preteq-cnc.com Website: www.preteq-cnc.com Authorized representatives Armin Rose Commercial register entry Registered company name: Preteq CNC Solutions AGCommercial register office: Canton of SolothurnCommercial register number (UID): CHE-102.176.946 Sales tax \/ Value added tax CHE-102.176.946 VAT Company purpose The company&#8217;s purpose is [&hellip;]","og_url":"https:\/\/www.preteq-cnc.com\/impressum-preteq\/","og_site_name":"Preteq-CNC","article_modified_time":"2026-03-31T07:42:53+00:00","twitter_card":"summary_large_image","twitter_misc":{"Est. reading time":"2 minutes"},"schema":{"@context":"https:\/\/schema.org","@graph":[{"@type":"WebPage","@id":"https:\/\/www.preteq-cnc.com\/impressum-preteq\/","url":"https:\/\/www.preteq-cnc.com\/impressum-preteq\/","name":"Impressum - Preteq - Preteq-CNC","isPartOf":{"@id":"https:\/\/www.preteq-cnc.com\/#website"},"datePublished":"2025-12-04T10:52:28+00:00","dateModified":"2026-03-31T07:42:53+00:00","breadcrumb":{"@id":"https:\/\/www.preteq-cnc.com\/impressum-preteq\/#breadcrumb"},"inLanguage":"en-US","potentialAction":[{"@type":"ReadAction","target":["https:\/\/www.preteq-cnc.com\/impressum-preteq\/"]}]},{"@type":"BreadcrumbList","@id":"https:\/\/www.preteq-cnc.com\/impressum-preteq\/#breadcrumb","itemListElement":[{"@type":"ListItem","position":1,"name":"Start","item":"https:\/\/www.preteq-cnc.com\/en\/"},{"@type":"ListItem","position":2,"name":"Impressum &#8211; Preteq"}]},{"@type":"WebSite","@id":"https:\/\/www.preteq-cnc.com\/#website","url":"https:\/\/www.preteq-cnc.com\/","name":"Preteq-CNC","description":"Pr\u00e4zise CNC-Fertigung f\u00fcr h\u00f6chste Anforderungen","potentialAction":[{"@type":"SearchAction","target":{"@type":"EntryPoint","urlTemplate":"https:\/\/www.preteq-cnc.com\/?s={search_term_string}"},"query-input":{"@type":"PropertyValueSpecification","valueRequired":true,"valueName":"search_term_string"}}],"inLanguage":"en-US"}]}},"_links":{"self":[{"href":"https:\/\/www.preteq-cnc.com\/en\/wp-json\/wp\/v2\/pages\/1321","targetHints":{"allow":["GET"]}}],"collection":[{"href":"https:\/\/www.preteq-cnc.com\/en\/wp-json\/wp\/v2\/pages"}],"about":[{"href":"https:\/\/www.preteq-cnc.com\/en\/wp-json\/wp\/v2\/types\/page"}],"author":[{"embeddable":true,"href":"https:\/\/www.preteq-cnc.com\/en\/wp-json\/wp\/v2\/users\/1"}],"replies":[{"embeddable":true,"href":"https:\/\/www.preteq-cnc.com\/en\/wp-json\/wp\/v2\/comments?post=1321"}],"version-history":[{"count":21,"href":"https:\/\/www.preteq-cnc.com\/en\/wp-json\/wp\/v2\/pages\/1321\/revisions"}],"predecessor-version":[{"id":2410,"href":"https:\/\/www.preteq-cnc.com\/en\/wp-json\/wp\/v2\/pages\/1321\/revisions\/2410"}],"wp:attachment":[{"href":"https:\/\/www.preteq-cnc.com\/en\/wp-json\/wp\/v2\/media?parent=1321"}],"curies":[{"name":"wp","href":"https:\/\/api.w.org\/{rel}","templated":true}]}}