{"id":1909,"date":"2025-12-04T11:52:28","date_gmt":"2025-12-04T10:52:28","guid":{"rendered":"https:\/\/www.preteq-cnc.com\/impressum-preteq\/"},"modified":"2026-03-31T09:43:27","modified_gmt":"2026-03-31T07:43:27","slug":"impressum-preteq","status":"publish","type":"page","link":"https:\/\/www.preteq-cnc.com\/cz\/impressum-preteq\/","title":{"rendered":"Impressum &#8211; Preteq"},"content":{"rendered":"\t\t<div data-elementor-type=\"wp-page\" data-elementor-id=\"1909\" class=\"elementor elementor-1909 elementor-516\" data-elementor-post-type=\"page\">\n\t\t\t\t<div class=\"elementor-element elementor-element-9b78c9c pre-container e-flex e-con-boxed e-con e-parent\" data-id=\"9b78c9c\" data-element_type=\"container\" data-e-type=\"container\">\n\t\t\t\t\t<div class=\"e-con-inner\">\n\t\t\t\t<div class=\"elementor-element elementor-element-21f6436 elementor-widget elementor-widget-heading\" data-id=\"21f6436\" data-element_type=\"widget\" data-e-type=\"widget\" data-widget_type=\"heading.default\">\n\t\t\t\t\t<h2 class=\"elementor-heading-title elementor-size-default\">Impressum<\/h2>\t\t\t\t<\/div>\n\t\t\t\t<div class=\"elementor-element elementor-element-9e388d6 elementor-widget elementor-widget-text-editor\" data-id=\"9e388d6\" data-element_type=\"widget\" data-e-type=\"widget\" data-widget_type=\"text-editor.default\">\n\t\t\t\t\t\t\t\t\t<p><strong>Preteq CNC Solutions s.r.o.<\/strong><br \/>Vozicka 3149<br \/>CZ-39002 T\u00e1bor<br \/>\u010cesk\u00e1 Republika<\/p><p><strong>Telefon:<\/strong> +420 793 951 888<br \/><strong>E-Mail:<\/strong> info@preteq-cnc.com<\/p><p><strong>Web:<\/strong> www.preteq-cnc.com<\/p><h3>Osoby opr\u00e1vn\u011bn\u00e9 k zastupov\u00e1n\u00ed<\/h3><p>Armin Rose<\/p><h3>Z\u00e1znam v obchodn\u00edm rejst\u0159\u00edku<\/h3><p><strong>Registrovan\u00fd n\u00e1zev spole\u010dnosti:<\/strong> Preteq CNC Solutions s.r.o.<br \/><strong>Obchodn\u00ed rejst\u0159\u00edk:<\/strong> zaps\u00e1na pod Krajsk\u00fdm soudem v \u010cesk\u00fdch Bud\u011bjovic\u00edch<br \/><strong>\u010c\u00edslo obchodn\u00edho rejst\u0159\u00edku (I\u010cO):<\/strong> 26091313<\/p><h3>Da\u0148 z obratu \/ da\u0148 z p\u0159idan\u00e9 hodnoty<\/h3><p>Informace budou n\u00e1sledovat<\/p><h3>P\u0159edm\u011bt podnik\u00e1n\u00ed<\/h3><p>Spole\u010dnost se zab\u00fdv\u00e1 v\u00fdvojem, v\u00fdrobou a prodejem mechanick\u00fdch p\u0159esn\u00fdch d\u00edl\u016f, zejm\u00e9na CNC soustru\u017een\u00fdch a fr\u00e9zovan\u00fdch komponent\u016f, a poskytov\u00e1n\u00edm slu\u017eeb v oblasti mont\u00e1\u017ee, \u0159\u00edzen\u00ed kvality, \u010di\u0161t\u011bn\u00ed, povrchov\u00e9 \u00fapravy a souvisej\u00edc\u00edch technologi\u00ed. Spole\u010dnost m\u016f\u017ee zakl\u00e1dat pobo\u010dky v tuzemsku i zahrani\u010d\u00ed a pod\u00edlet se na jin\u00fdch podnic\u00edch.<\/p><h3>Odpov\u011bdn\u00fd za obsah<\/h3><p>Preteq CNC Solutions AG<br \/>Adolf Furrer-Strasse 7<br \/>CH-2540 Grenchen<br \/>Schweiz<\/p><h3>Vylou\u010den\u00ed odpov\u011bdnosti<\/h3><p>Obsah t\u00e9to webov\u00e9 str\u00e1nky je vytv\u00e1\u0159en s maxim\u00e1ln\u00ed p\u00e9\u010d\u00ed. Za spr\u00e1vnost, \u00faplnost a aktu\u00e1lnost obsahu v\u0161ak neneseme \u017e\u00e1dnou odpov\u011bdnost. Jak\u00e1koli odpov\u011bdnost v souvislosti s pou\u017e\u00edv\u00e1n\u00edm webov\u00e9 str\u00e1nky je, pokud to z\u00e1kon dovoluje, vylou\u010dena.<\/p><h3>Odpov\u011bdnost za odkazy<\/h3><p>Odkazy a odkazy na webov\u00e9 str\u00e1nky t\u0159et\u00edch stran nespadaj\u00ed do na\u0161\u00ed odpov\u011bdnosti. P\u0159\u00edstup a pou\u017e\u00edv\u00e1n\u00ed t\u011bchto webov\u00fdch str\u00e1nek je na vlastn\u00ed riziko u\u017eivatel\u016f. Za jejich obsah neneseme \u017e\u00e1dnou odpov\u011bdnost.<\/p><h3>Autorsk\u00e1 pr\u00e1va<\/h3><p>Ve\u0161ker\u00fd obsah, obr\u00e1zky, grafika a texty na t\u00e9to webov\u00e9 str\u00e1nce jsou chr\u00e1n\u011bny autorsk\u00fdm pr\u00e1vem. Jejich pou\u017eit\u00ed, rozmno\u017eov\u00e1n\u00ed nebo p\u0159ed\u00e1v\u00e1n\u00ed vy\u017eaduje p\u00edsemn\u00fd souhlas spole\u010dnosti Preteq CNC Solutions AG nebo p\u0159\u00edslu\u0161n\u00fdch dr\u017eitel\u016f pr\u00e1v.<\/p>\t\t\t\t\t\t\t\t<\/div>\n\t\t\t\t\t<\/div>\n\t\t\t\t<\/div>\n\t\t\t\t<\/div>\n\t\t","protected":false},"excerpt":{"rendered":"<p>Impressum Preteq CNC Solutions s.r.o.Vozicka 3149CZ-39002 T\u00e1bor\u010cesk\u00e1 Republika Telefon: +420 793 951 888E-Mail: info@preteq-cnc.com Web: www.preteq-cnc.com Osoby opr\u00e1vn\u011bn\u00e9 k zastupov\u00e1n\u00ed Armin Rose Z\u00e1znam v obchodn\u00edm rejst\u0159\u00edku Registrovan\u00fd n\u00e1zev spole\u010dnosti: Preteq CNC Solutions s.r.o.Obchodn\u00ed rejst\u0159\u00edk: zaps\u00e1na pod Krajsk\u00fdm soudem v \u010cesk\u00fdch Bud\u011bjovic\u00edch\u010c\u00edslo obchodn\u00edho rejst\u0159\u00edku (I\u010cO): 26091313 Da\u0148 z obratu \/ da\u0148 z p\u0159idan\u00e9 hodnoty Informace budou [&hellip;]<\/p>\n","protected":false},"author":1,"featured_media":0,"parent":0,"menu_order":0,"comment_status":"closed","ping_status":"closed","template":"","meta":{"footnotes":""},"class_list":["post-1909","page","type-page","status-publish","hentry"],"yoast_head":"<!-- This site is optimized with the Yoast SEO plugin v27.2 - https:\/\/yoast.com\/product\/yoast-seo-wordpress\/ -->\n<title>Impressum - Preteq - Preteq-CNC<\/title>\n<meta name=\"robots\" content=\"index, follow, max-snippet:-1, max-image-preview:large, max-video-preview:-1\" \/>\n<link rel=\"canonical\" href=\"https:\/\/www.preteq-cnc.com\/impressum-preteq\/\" \/>\n<meta property=\"og:locale\" content=\"en_US\" \/>\n<meta property=\"og:type\" content=\"article\" \/>\n<meta property=\"og:title\" content=\"Impressum - Preteq - Preteq-CNC\" \/>\n<meta property=\"og:description\" content=\"Impressum Preteq CNC Solutions s.r.o.Vozicka 3149CZ-39002 T\u00e1bor\u010cesk\u00e1 Republika Telefon: +420 793 951 888E-Mail: info@preteq-cnc.com Web: www.preteq-cnc.com Osoby opr\u00e1vn\u011bn\u00e9 k zastupov\u00e1n\u00ed Armin Rose Z\u00e1znam v obchodn\u00edm rejst\u0159\u00edku Registrovan\u00fd n\u00e1zev spole\u010dnosti: Preteq CNC Solutions s.r.o.Obchodn\u00ed rejst\u0159\u00edk: zaps\u00e1na pod Krajsk\u00fdm soudem v \u010cesk\u00fdch Bud\u011bjovic\u00edch\u010c\u00edslo obchodn\u00edho rejst\u0159\u00edku (I\u010cO): 26091313 Da\u0148 z obratu \/ da\u0148 z p\u0159idan\u00e9 hodnoty Informace budou [&hellip;]\" \/>\n<meta property=\"og:url\" content=\"https:\/\/www.preteq-cnc.com\/impressum-preteq\/\" \/>\n<meta property=\"og:site_name\" content=\"Preteq-CNC\" \/>\n<meta property=\"article:modified_time\" content=\"2026-03-31T07:43:27+00:00\" \/>\n<meta name=\"twitter:card\" content=\"summary_large_image\" \/>\n<meta name=\"twitter:label1\" content=\"Est. reading time\" \/>\n\t<meta name=\"twitter:data1\" content=\"2 minutes\" \/>\n<script type=\"application\/ld+json\" class=\"yoast-schema-graph\">{\"@context\":\"https:\/\/schema.org\",\"@graph\":[{\"@type\":\"WebPage\",\"@id\":\"https:\/\/www.preteq-cnc.com\/impressum-preteq\/\",\"url\":\"https:\/\/www.preteq-cnc.com\/impressum-preteq\/\",\"name\":\"Impressum - Preteq - Preteq-CNC\",\"isPartOf\":{\"@id\":\"https:\/\/www.preteq-cnc.com\/#website\"},\"datePublished\":\"2025-12-04T10:52:28+00:00\",\"dateModified\":\"2026-03-31T07:43:27+00:00\",\"breadcrumb\":{\"@id\":\"https:\/\/www.preteq-cnc.com\/impressum-preteq\/#breadcrumb\"},\"inLanguage\":\"cz-CZ\",\"potentialAction\":[{\"@type\":\"ReadAction\",\"target\":[\"https:\/\/www.preteq-cnc.com\/impressum-preteq\/\"]}]},{\"@type\":\"BreadcrumbList\",\"@id\":\"https:\/\/www.preteq-cnc.com\/impressum-preteq\/#breadcrumb\",\"itemListElement\":[{\"@type\":\"ListItem\",\"position\":1,\"name\":\"Start\",\"item\":\"https:\/\/www.preteq-cnc.com\/cz\/\"},{\"@type\":\"ListItem\",\"position\":2,\"name\":\"Impressum &#8211; Preteq\"}]},{\"@type\":\"WebSite\",\"@id\":\"https:\/\/www.preteq-cnc.com\/#website\",\"url\":\"https:\/\/www.preteq-cnc.com\/\",\"name\":\"Preteq-CNC\",\"description\":\"Pr\u00e4zise CNC-Fertigung f\u00fcr h\u00f6chste Anforderungen\",\"potentialAction\":[{\"@type\":\"SearchAction\",\"target\":{\"@type\":\"EntryPoint\",\"urlTemplate\":\"https:\/\/www.preteq-cnc.com\/?s={search_term_string}\"},\"query-input\":{\"@type\":\"PropertyValueSpecification\",\"valueRequired\":true,\"valueName\":\"search_term_string\"}}],\"inLanguage\":\"cz-CZ\"}]}<\/script>\n<!-- \/ Yoast SEO plugin. -->","yoast_head_json":{"title":"Impressum - Preteq - Preteq-CNC","robots":{"index":"index","follow":"follow","max-snippet":"max-snippet:-1","max-image-preview":"max-image-preview:large","max-video-preview":"max-video-preview:-1"},"canonical":"https:\/\/www.preteq-cnc.com\/impressum-preteq\/","og_locale":"en_US","og_type":"article","og_title":"Impressum - Preteq - Preteq-CNC","og_description":"Impressum Preteq CNC Solutions s.r.o.Vozicka 3149CZ-39002 T\u00e1bor\u010cesk\u00e1 Republika Telefon: +420 793 951 888E-Mail: info@preteq-cnc.com Web: www.preteq-cnc.com Osoby opr\u00e1vn\u011bn\u00e9 k zastupov\u00e1n\u00ed Armin Rose Z\u00e1znam v obchodn\u00edm rejst\u0159\u00edku Registrovan\u00fd n\u00e1zev spole\u010dnosti: Preteq CNC Solutions s.r.o.Obchodn\u00ed rejst\u0159\u00edk: zaps\u00e1na pod Krajsk\u00fdm soudem v \u010cesk\u00fdch Bud\u011bjovic\u00edch\u010c\u00edslo obchodn\u00edho rejst\u0159\u00edku (I\u010cO): 26091313 Da\u0148 z obratu \/ da\u0148 z p\u0159idan\u00e9 hodnoty Informace budou [&hellip;]","og_url":"https:\/\/www.preteq-cnc.com\/impressum-preteq\/","og_site_name":"Preteq-CNC","article_modified_time":"2026-03-31T07:43:27+00:00","twitter_card":"summary_large_image","twitter_misc":{"Est. reading time":"2 minutes"},"schema":{"@context":"https:\/\/schema.org","@graph":[{"@type":"WebPage","@id":"https:\/\/www.preteq-cnc.com\/impressum-preteq\/","url":"https:\/\/www.preteq-cnc.com\/impressum-preteq\/","name":"Impressum - Preteq - Preteq-CNC","isPartOf":{"@id":"https:\/\/www.preteq-cnc.com\/#website"},"datePublished":"2025-12-04T10:52:28+00:00","dateModified":"2026-03-31T07:43:27+00:00","breadcrumb":{"@id":"https:\/\/www.preteq-cnc.com\/impressum-preteq\/#breadcrumb"},"inLanguage":"cz-CZ","potentialAction":[{"@type":"ReadAction","target":["https:\/\/www.preteq-cnc.com\/impressum-preteq\/"]}]},{"@type":"BreadcrumbList","@id":"https:\/\/www.preteq-cnc.com\/impressum-preteq\/#breadcrumb","itemListElement":[{"@type":"ListItem","position":1,"name":"Start","item":"https:\/\/www.preteq-cnc.com\/cz\/"},{"@type":"ListItem","position":2,"name":"Impressum &#8211; Preteq"}]},{"@type":"WebSite","@id":"https:\/\/www.preteq-cnc.com\/#website","url":"https:\/\/www.preteq-cnc.com\/","name":"Preteq-CNC","description":"Pr\u00e4zise CNC-Fertigung f\u00fcr h\u00f6chste Anforderungen","potentialAction":[{"@type":"SearchAction","target":{"@type":"EntryPoint","urlTemplate":"https:\/\/www.preteq-cnc.com\/?s={search_term_string}"},"query-input":{"@type":"PropertyValueSpecification","valueRequired":true,"valueName":"search_term_string"}}],"inLanguage":"cz-CZ"}]}},"_links":{"self":[{"href":"https:\/\/www.preteq-cnc.com\/cz\/wp-json\/wp\/v2\/pages\/1909","targetHints":{"allow":["GET"]}}],"collection":[{"href":"https:\/\/www.preteq-cnc.com\/cz\/wp-json\/wp\/v2\/pages"}],"about":[{"href":"https:\/\/www.preteq-cnc.com\/cz\/wp-json\/wp\/v2\/types\/page"}],"author":[{"embeddable":true,"href":"https:\/\/www.preteq-cnc.com\/cz\/wp-json\/wp\/v2\/users\/1"}],"replies":[{"embeddable":true,"href":"https:\/\/www.preteq-cnc.com\/cz\/wp-json\/wp\/v2\/comments?post=1909"}],"version-history":[{"count":3,"href":"https:\/\/www.preteq-cnc.com\/cz\/wp-json\/wp\/v2\/pages\/1909\/revisions"}],"predecessor-version":[{"id":2413,"href":"https:\/\/www.preteq-cnc.com\/cz\/wp-json\/wp\/v2\/pages\/1909\/revisions\/2413"}],"wp:attachment":[{"href":"https:\/\/www.preteq-cnc.com\/cz\/wp-json\/wp\/v2\/media?parent=1909"}],"curies":[{"name":"wp","href":"https:\/\/api.w.org\/{rel}","templated":true}]}}